{"id":930,"date":"2023-03-04T21:50:17","date_gmt":"2023-03-04T21:50:17","guid":{"rendered":"https:\/\/frap.ca\/accueil\/"},"modified":"2023-04-06T16:08:00","modified_gmt":"2023-04-06T16:08:00","slug":"home","status":"publish","type":"page","link":"https:\/\/wpdemo3.onistaweb.com\/en\/home\/","title":{"rendered":"Home"},"content":{"rendered":"<section class=\"wpb-content-wrapper\"><p>[vc_row][vc_column]\t<!-- HTML CODE WILL GOES HERE - START -->\n\t<div class=\"theme-banner\">\n\t\t<div id=\"banner-slider\" class=\"carousel slide\" data-bs-ride=\"true\">\n\t\t\t<div class=\"carousel-indicators\">\n\t\t\t\t\t\t\t\t\t\t\t\t\t<button type=\"button\" data-bs-target=\"#banner-slider\" data-bs-slide-to=\"0\" class=\"active\" aria-current=\"true\" aria-label=\"Slide 1\"><\/button>\n\t\t\t\t\t\t\t\t\t\t\t<button type=\"button\" data-bs-target=\"#banner-slider\" data-bs-slide-to=\"1\" class=\"\" aria-current=\"true\" aria-label=\"Slide 2\"><\/button>\n\t\t\t\t\t\t\t\t\t\t\t\n\t\t\t<\/div>\n\t\t\t<div class=\"carousel-inner\">\n\t\t\t\t\t\t\t\t\t\t\t\t\t<div class=\"carousel-item active\" data-image-src=\"https:\/\/wpdemo3.onistaweb.com\/wp-content\/uploads\/2023\/04\/FRAP_image_banner15-scaled.jpg\">\n\t\t\t\t\t\t\t<div class=\"row\">\n\t\t\t\t\t\t\t\t<div class=\"offset-1 col-xl-5 col-lg-8 col-md-9 col-10\">\n\t\t\t\t\t\t\t\t\t<div class=\"content-box\">\n\t\t\t\t\t\t\t\t\t\t<h1>Francophonie Albertaine plurielle<\/h1>\n\t\t\t\t\t\t\t\t\t\t<div class=\"btn-block\">\n\t\t\t\t\t\t\t\t\t\t\t<a href=\"https:\/\/frap.cococreative.ca\/a-propos\/\" class=\"btn-default\">Find out more<\/a>\n\t\t\t\t\t\t\t\t\t\t\t<span>+ 1 (780) 540-8682<\/span>\n\t\t\t\t\t\t\t\t\t\t<\/div>\n\t\t\t\t\t\t\t\t\t<\/div>\n\t\t\t\t\t\t\t\t<\/div>\n\t\t\t\t\t\t\t<\/div>\n\t\t\t\t\t\t<\/div>\n\t\t\t\t\t\t\t\t\t\t\t<div class=\"carousel-item\" data-image-src=\"https:\/\/wpdemo3.onistaweb.com\/wp-content\/uploads\/2023\/03\/FRAP_image_banner9-scaled.jpg\">\n\t\t\t\t\t\t\t<div class=\"row\">\n\t\t\t\t\t\t\t\t<div class=\"offset-1 col-xl-5 col-lg-8 col-md-9 col-10\">\n\t\t\t\t\t\t\t\t\t<div class=\"content-box\">\n\t\t\t\t\t\t\t\t\t\t<h1>Francophonie Albertaine plurielle<\/h1>\n\t\t\t\t\t\t\t\t\t\t<div class=\"btn-block\">\n\t\t\t\t\t\t\t\t\t\t\t<a href=\"https:\/\/frap.cococreative.ca\/a-propos\/\" class=\"btn-default\">Find out more<\/a>\n\t\t\t\t\t\t\t\t\t\t\t<span>+ 1 (780) 540-8682<\/span>\n\t\t\t\t\t\t\t\t\t\t<\/div>\n\t\t\t\t\t\t\t\t\t<\/div>\n\t\t\t\t\t\t\t\t<\/div>\n\t\t\t\t\t\t\t<\/div>\n\t\t\t\t\t\t<\/div>\n\t\t\t\t\t\t\t\t\n\t\t\t\t\t\t<\/div>\n\t\t<\/div>\n\t<\/div>\t\n\t<!-- HTML CODE WILL GOES HERE - END -->\n\t[vc_empty_space height=&#8221;92px&#8221;][\/vc_column][\/vc_row][vc_row disable_element=&#8221;yes&#8221;][vc_column]\t<!-- HTML CODE WILL GOES HERE - START -->\n\t<div class=\"theme-iconbox bg-white  pt_80 pb_80\">\n\t\t<div class=\"container\">\n\t\t\t<div class=\"row gy-4\">\n\t\t\t\t\t\t\t\t\t\t\t\t\t<div class=\"col-lg-4 col-md-6\">\n\t\t\t\t\t\t<div class=\"ic-box position-relative\">\n\t\t\t\t\t\t\t<div class=\"ic-center\"><i><img decoding=\"async\" src=\"https:\/\/wpdemo3.onistaweb.com\/wp-content\/uploads\/2023\/03\/home_i-3.png\" alt=\"\"><\/i><\/div>\n\t\t\t\t\t\t\t<h6>NOTRE MANDAT<\/h6>\n\t\t\t\t\t\t\t<p>La FRAP est un organisme \u00e0 but non lucratif et apolitique dont le mandat est d\u2019\u0153uvrer pour l\u2019inclusion sociale, \u00e9conomique et culturelle des nouveaux arrivants, immigrants francophones et assimil\u00e9s \u00e9tablis en Alberta.  Dans le cadre de ce mandat, la FRAP offre des services directs comprenant l\u2019accueil, l\u2019\u00e9tablissement et l\u2019int\u00e9gration des nouveaux arrivants francophones et, d\u2019autre part, des services indirects visant la promotion d\u2019une \u00e9ducation en Fran\u00e7ais de qualit\u00e9 et la coordination du programme d\u2019\u00e9tablissement dans les \u00e9coles.<\/p>\n\t\t\t\t\t\t<\/div>\n\t\t\t\t\t<\/div>\t\t\t\t\t\n\t\t\t\t\t\t\t\t\t\t<div class=\"col-lg-4 col-md-6\">\n\t\t\t\t\t\t<div class=\"ic-box position-relative\">\n\t\t\t\t\t\t\t<div class=\"ic-center\"><i><img decoding=\"async\" src=\"https:\/\/wpdemo3.onistaweb.com\/wp-content\/uploads\/2023\/03\/home_i1.png\" alt=\"\"><\/i><\/div>\n\t\t\t\t\t\t\t<h6>Notre Mandat<\/h6>\n\t\t\t\t\t\t\t<p>Promouvoir la diversit\u00e9 et l\u2019inclusion sociale, \u00e9conomique et culturelle des francophones et francophiles tout en offrant des services en fran\u00e7ais permettant l\u2019accueil, l\u2019\u00e9tablissement et le r\u00e9-\u00e9tablissement des nouveaux arrivants francophones et francophiles en Alberta.\n\n<\/p>\n\t\t\t\t\t\t<\/div>\n\t\t\t\t\t<\/div>\t\t\t\t\t\n\t\t\t\t\t\t\t\t\t\t<div class=\"col-lg-4 col-md-6\">\n\t\t\t\t\t\t<div class=\"ic-box position-relative\">\n\t\t\t\t\t\t\t<div class=\"ic-center\"><i><img decoding=\"async\" src=\"https:\/\/wpdemo3.onistaweb.com\/wp-content\/uploads\/2023\/03\/home_i3.png\" alt=\"\"><\/i><\/div>\n\t\t\t\t\t\t\t<h6>Notre Mandat<\/h6>\n\t\t\t\t\t\t\t<p>Int\u00e9grit\u00e9, Inclusivit\u00e9, \u00c9quit\u00e9 et T\u00e9nacit\u00e9. Faciliter l\u2019inclusion et la repr\u00e9sentativit\u00e9 dans tous les secteurs d\u2019activit\u00e9 au sein de la francophonie albertaine et de la soci\u00e9t\u00e9 canadienne, et rapprocher les diverses communaut\u00e9s.\n\n<\/p>\n\t\t\t\t\t\t<\/div>\n\t\t\t\t\t<\/div>\t\t\t\t\t\n\t\t\t\t\t\t\t\t\n\t\t\t\t\t\t\n\t\t\t<\/div>\n\t\t<\/div>\n\t<\/div>\n\t<!-- HTML CODE WILL GOES HERE - END -->\n\t[\/vc_column][\/vc_row][vc_row][vc_column width=&#8221;1\/6&#8243;][\/vc_column][vc_column width=&#8221;1\/2&#8243;][vc_column_text]<\/p>\n<h4><span style=\"color: #7eb9d6;\"><strong><img loading=\"lazy\" decoding=\"async\" class=\"alignnone size-full wp-image-302\" src=\"https:\/\/frap.cococreative.ca\/wp-content\/uploads\/2023\/03\/home_i-3.png\" alt=\"\" width=\"52\" height=\"55\" \/><\/strong> \u00a0\u00a0\u00a0 <strong>OUR MANDATE<br \/>\n<\/strong><\/span><\/h4>\n<p>[\/vc_column_text][vc_column_text]A renewed Francophone community, characterized by inclusiveness, interculturality, openness to others, respect for diversity and the promotion of human dignity. Promote the social, economic and cultural diversity and inclusion of Francophones and Francophiles while providing services in French for the reception, settlement and re-settlement of Francophone and Francophile newcomers to Alberta.[\/vc_column_text][\/vc_column][vc_column width=&#8221;1\/6&#8243;][vc_column_text]<\/p>\n<h4><span style=\"color: #7eb9d6;\"><strong><img loading=\"lazy\" decoding=\"async\" class=\"alignnone size-full wp-image-304\" src=\"https:\/\/frap.cococreative.ca\/wp-content\/uploads\/2023\/03\/home_i1.png\" alt=\"\" width=\"52\" height=\"55\" \/>\u00a0 VALUES<\/strong><\/span><\/h4>\n<p>[\/vc_column_text][vc_column_text]<\/p>\n<ul>\n<li>\n<h4><span style=\"color: #7eb9d6;\"><strong>Integrity<\/strong><\/span><\/h4>\n<\/li>\n<li>\n<h4><span style=\"color: #7eb9d6;\"><strong>Inclusiveness<\/strong><\/span><\/h4>\n<\/li>\n<li>\n<h4><span style=\"color: #7eb9d6;\"><strong>Fairness<\/strong><\/span><\/h4>\n<\/li>\n<li>\n<h4><span style=\"color: #7eb9d6;\"><strong>Tenacity<\/strong><\/span><\/h4>\n<\/li>\n<\/ul>\n<p>[\/vc_column_text][\/vc_column][vc_column width=&#8221;1\/6&#8243;][\/vc_column][\/vc_row][vc_row disable_element=&#8221;yes&#8221;][vc_column]\t<!-- HTML CODE WILL GOES HERE - START -->\n\t<!-- Content -->\n\t<div class=\"theme-landing bg-white  pt_130 pb_130\">\n\t\t<div class=\"container\">\n\t\t\t<div class=\"content-box text-center\">\n\t\t\t\t<p><i>Nous sommes VOTRE Portail d\u2019accueil<\/i><\/p>\n\t\t\t\t<h5><\/h5>\n\t\t\t\t<span><\/span>\n\t\t\t<\/div>\n\t\t<\/div>\n\t<\/div>\n\t<!-- HTML CODE WILL GOES HERE - END -->\n\t[\/vc_column][\/vc_row][vc_row disable_element=&#8221;yes&#8221;][vc_column]\t<!-- HTML CODE WILL GOES HERE - START -->\n\t<div class=\"theme-iconbox bg-white  pt_80 pb_80\">\n\t\t<div class=\"container\">\n\t\t\t<div class=\"row gy-4\">\n\t\t\t\t\t\t\t\t\t\t\t\t\t<div class=\"col-lg-4 col-md-6\">\n\t\t\t\t\t\t<div class=\"ic-box position-relative\">\n\t\t\t\t\t\t\t<div class=\"ic-center\"><i><img decoding=\"async\" src=\"https:\/\/wpdemo3.onistaweb.com\/wp-content\/uploads\/2023\/03\/home_i1.png\" alt=\"\"><\/i><\/div>\n\t\t\t\t\t\t\t<h6>Notre Vision<\/h6>\n\t\t\t\t\t\t\t<p>Une communaut\u00e9 francophone renouvel\u00e9e, caract\u00e9ris\u00e9e par l\u2019inclusivit\u00e9, l\u2019interculturalit\u00e9, l\u2019ouverture \u00e0 l\u2019autre, le respect de la diversit\u00e9 et la promotion de la dignit\u00e9 humaine. <\/p>\n\t\t\t\t\t\t<\/div>\n\t\t\t\t\t<\/div>\t\t\t\t\t\n\t\t\t\t\t\t\t\t\t\t<div class=\"col-lg-4 col-md-6\">\n\t\t\t\t\t\t<div class=\"ic-box position-relative\">\n\t\t\t\t\t\t\t<div class=\"ic-center\"><i><img decoding=\"async\" src=\"https:\/\/wpdemo3.onistaweb.com\/wp-content\/uploads\/2023\/03\/home_i-3.png\" alt=\"\"><\/i><\/div>\n\t\t\t\t\t\t\t<h6>Notre Mandat<\/h6>\n\t\t\t\t\t\t\t<p>Promouvoir la diversit\u00e9 et l\u2019inclusion sociale, \u00e9conomique et culturelle des francophones et francophiles tout en offrant des services en fran\u00e7ais permettant l\u2019accueil, l\u2019\u00e9tablissement et le r\u00e9-\u00e9tablissement des nouveaux arrivants francophones et francophiles en Alberta.\n\n<\/p>\n\t\t\t\t\t\t<\/div>\n\t\t\t\t\t<\/div>\t\t\t\t\t\n\t\t\t\t\t\t\t\t\t\t<div class=\"col-lg-4 col-md-6\">\n\t\t\t\t\t\t<div class=\"ic-box position-relative\">\n\t\t\t\t\t\t\t<div class=\"ic-center\"><i><img decoding=\"async\" src=\"https:\/\/wpdemo3.onistaweb.com\/wp-content\/uploads\/2023\/03\/home_i3.png\" alt=\"\"><\/i><\/div>\n\t\t\t\t\t\t\t<h6>Nos Valeurs<\/h6>\n\t\t\t\t\t\t\t<p>Int\u00e9grit\u00e9, Inclusivit\u00e9, \u00c9quit\u00e9 et T\u00e9nacit\u00e9. Faciliter l\u2019inclusion et la repr\u00e9sentativit\u00e9 dans tous les secteurs d\u2019activit\u00e9 au sein de la francophonie albertaine et de la soci\u00e9t\u00e9 canadienne, et rapprocher les diverses communaut\u00e9s.\n\n<\/p>\n\t\t\t\t\t\t<\/div>\n\t\t\t\t\t<\/div>\t\t\t\t\t\n\t\t\t\t\t\t\t\t\n\t\t\t\t\t\t\n\t\t\t<\/div>\n\t\t<\/div>\n\t<\/div>\n\t<!-- HTML CODE WILL GOES HERE - END -->\n\t[\/vc_column][\/vc_row][vc_row][vc_column]\t<!-- HTML CODE WILL GOES HERE - START -->\n\t<div class=\"theme-about pt_150 pb_150\">\n\t\t<div class=\"container\">\n\t\t\t<div class=\"row gy-5 align-items-lg-center\">\n\t\t\t\t<div class=\"col-md-6\">\n\t\t\t\t\t<div class=\"img-box position-relative\">\n\t\t\t\t\t\t<figure><img decoding=\"async\" src=\"https:\/\/wpdemo3.onistaweb.com\/wp-content\/uploads\/2023\/03\/about-img.jpg\" alt=\"Are you a Francophone or Francophile newcomer to Alberta?\"><\/figure>\n\t\t\t\t\t\t<a href=\"https:\/\/www.youtube.com\/watch?v=YYik2afG944\" class=\"popup-youtube\"><i class=\"icofont-play\"><\/i><\/a>\n\t\t\t\t\t<\/div>\n\t\t\t\t<\/div>\n\t\t\t\t<div class=\"offset-md-1 col-md-5\">\n\t\t\t\t\t<div class=\"content-box\">\n\t\t\t\t\t\t<h2>Are you a Francophone or Francophile newcomer to Alberta?<\/h2>\n\t\t\t\t\t\t<p><\/p>\n<h4><strong>We are YOUR Welcome Gateway.<\/strong><\/h4>\n<p>Watch the video to learn more.<\/p>\n<\/p>\n\t\t\t\t\t\t<a href=\"https:\/\/frap.cococreative.ca\/contacter-nous\/\" class=\"btn-default\">Make an appointment<\/a>\n\t\t\t\t\t<\/div>\n\t\t\t\t<\/div>\n\t\t\t<\/div>\n\t\t<\/div>\n\t<\/div><!-- About \/- -->\n\t<!-- HTML CODE WILL GOES HERE - END -->\n\t[\/vc_column][\/vc_row][vc_row][vc_column]\t<!-- HTML CODE WILL GOES HERE - START -->\n\t<!-- Services -->\n\t<div class=\"theme-services pt_130 pb_130\">\n\t\t<div class=\"container\">\n\t\t\t<div class=\"section-header text-center pb_80\">\n\t\t\t\t<span>SERVICES<\/span>\n\t\t\t\t<h3>Our goal is to facilitate YOUR settlement, integration and adaptation process.<\/h3>\n\t\t\t<\/div>\n\t\t\t<div class=\"row gy-4\">\n\t\t\t\t\t\t\t\n\t\t\t\t<div class=\"col-lg-4 col-sm-6 srv\">\n\t\t\t\t\t<div class=\"srv-box srv-box-1 text-center\">\n\t\t\t\t\t\t<div class=\"img-box\">\n\t\t\t\t\t\t\t\t\t\t\t\t\t\n\t\t\t\t\t\t<\/div>\n\t\t\t\t\t\t<div class=\"content-box\">\n\t\t\t\t\t\t\t<figure><a href=\"https:\/\/wpdemo3.onistaweb.com\/en\/service\/settlement-services-and-case-management\/\" title=\"Settlement Services and Case Management\">\n\t\t\t\t\t\t\t\t<img decoding=\"async\" src=\"https:\/\/frap.cococreative.ca\/wp-content\/uploads\/2023\/03\/FRAP_img-003.png\" width=\"55px\" alt=\"Settlement Services and Case Management\">\n\t\t\t\t\t\t\t\t<!--img src=\"https:\/\/wpdemo3.onistaweb.com\/wp-content\/themes\/frapwp\/modules\/images\/srv-img-1.jpg\" alt=\"Image\" -->\n\t\t\t\t\t\t\t<\/a><\/figure>\n\t\t\t\t\t\t\t<h5>Settlement Services and Case Management<\/h5>\t\t\t\t\t\t\t<p><\/p>\n\t\t\t\t\t\t<\/div>\n\t\t\t\t\t<\/div>\n\t\t\t\t<\/div>\n\t\t\t\t\t\t\t\n\t\t\t\t<div class=\"col-lg-4 col-sm-6 srv\">\n\t\t\t\t\t<div class=\"srv-box srv-box-1 text-center\">\n\t\t\t\t\t\t<div class=\"img-box\">\n\t\t\t\t\t\t\t\t\t\t\t\t\t\n\t\t\t\t\t\t<\/div>\n\t\t\t\t\t\t<div class=\"content-box\">\n\t\t\t\t\t\t\t<figure><a href=\"https:\/\/wpdemo3.onistaweb.com\/en\/service\/settlement-services-in-schools\/\" title=\"Settlement services in schools\">\n\t\t\t\t\t\t\t\t<img decoding=\"async\" src=\"https:\/\/frap.cococreative.ca\/wp-content\/uploads\/2023\/03\/FRAP_img-002.png\" width=\"55px\" alt=\"Settlement services in schools\">\n\t\t\t\t\t\t\t\t<!--img src=\"https:\/\/wpdemo3.onistaweb.com\/wp-content\/themes\/frapwp\/modules\/images\/srv-img-1.jpg\" alt=\"Image\" -->\n\t\t\t\t\t\t\t<\/a><\/figure>\n\t\t\t\t\t\t\t<h5>Settlement services in schools<\/h5>\t\t\t\t\t\t\t<p><\/p>\n\t\t\t\t\t\t<\/div>\n\t\t\t\t\t<\/div>\n\t\t\t\t<\/div>\n\t\t\t\t\t\t\t\n\t\t\t\t<div class=\"col-lg-4 col-sm-6 srv\">\n\t\t\t\t\t<div class=\"srv-box srv-box-1 text-center\">\n\t\t\t\t\t\t<div class=\"img-box\">\n\t\t\t\t\t\t\t\t\t\t\t\t\t\n\t\t\t\t\t\t<\/div>\n\t\t\t\t\t\t<div class=\"content-box\">\n\t\t\t\t\t\t\t<figure><a href=\"https:\/\/wpdemo3.onistaweb.com\/en\/service\/integration-services-and-community-development\/\" title=\"Integration Services and Community Development\">\n\t\t\t\t\t\t\t\t<img decoding=\"async\" src=\"https:\/\/frap.cococreative.ca\/wp-content\/uploads\/2023\/03\/FRAP_img-005.png\" width=\"55px\" alt=\"Integration Services and Community Development\">\n\t\t\t\t\t\t\t\t<!--img src=\"https:\/\/wpdemo3.onistaweb.com\/wp-content\/themes\/frapwp\/modules\/images\/srv-img-1.jpg\" alt=\"Image\" -->\n\t\t\t\t\t\t\t<\/a><\/figure>\n\t\t\t\t\t\t\t<h5>Integration Services and Community Development<\/h5>\t\t\t\t\t\t\t<p><\/p>\n\t\t\t\t\t\t<\/div>\n\t\t\t\t\t<\/div>\n\t\t\t\t<\/div>\n\t\t\t\t\t\n\t\t\t<\/div>\n\t\t<\/div>\n\t<\/div><!-- Services -->\n\t<!-- HTML CODE WILL GOES HERE - END -->\n\t[\/vc_column][\/vc_row][vc_row disable_element=&#8221;yes&#8221;][vc_column]\t<!-- HTML CODE WILL GOES HERE - START -->\n\t<!-- Team -->\n\t<div class=\"theme-team pt_130 pb_130\">\n\t\t<div class=\"container\">\n\t\t\t<div class=\"section-header text-center pb_80\">\n\t\t\t\t<span>NOS SP\u00c9CIALISTES<\/span>\n\t\t\t\t<h3>Rencontrez notre \u00e9quipe de sp\u00e9cialistes hautement qualifi\u00e9s<\/h3>\n\t\t\t<\/div>\n\t\t\t<div class=\"row gy-4\">\n\t\t\t\t\t\t\t\t\t\t\t\n\t\t\t\t\t\t<div class=\"col-lg-4 col-sm-6\">\n\t\t\t\t\t\t\t<div class=\"team-box position-relative\">\n\t\t\t\t\t\t\t\t\t\t<img decoding=\"async\" src=\"https:\/\/wpdemo3.onistaweb.com\/wp-content\/uploads\/2023\/03\/about-team-01.jpg\" alt=\"Image\">\n\t\t\t\t\t\t\t\t\t\t<div class=\"content-box\">\n\t\t\t\t\t\t\t\t\t\t\t<ul>\n\t\t\t\t\t\t\t\t\t\t\t\t\t\t\t\t\t\t\t\t\t\t\t\n\t\t\t\t\t\t\t\t\t\t\t<\/ul>\n\t\t\t\t\t\t\t\t\t\t\t<h6>VICTOR MOKE NGALA<\/h6>\n\t\t\t\t\t\t\t\t\t\t\t<span>Pr\u00e9sident<\/span>\n\t\t\t\t\t\t\t\t\t\t<\/div>\n\t\t\t\t\t\t\t<\/div>\n\t\t\t\t\t\t<\/div>\n\t\t\t\t\t\t\t\t\n\t\t\t\t\t\t<div class=\"col-lg-4 col-sm-6\">\n\t\t\t\t\t\t\t<div class=\"team-box position-relative\">\n\t\t\t\t\t\t\t\t\t\t<img decoding=\"async\" src=\"https:\/\/wpdemo3.onistaweb.com\/wp-content\/uploads\/2023\/03\/about-team-02.jpg\" alt=\"Image\">\n\t\t\t\t\t\t\t\t\t\t<div class=\"content-box\">\n\t\t\t\t\t\t\t\t\t\t\t<ul>\n\t\t\t\t\t\t\t\t\t\t\t\t\t\t\t\t\t\t\t\t\t\t\t\n\t\t\t\t\t\t\t\t\t\t\t<\/ul>\n\t\t\t\t\t\t\t\t\t\t\t<h6>CLAUDINE KABANDA<\/h6>\n\t\t\t\t\t\t\t\t\t\t\t<span>Vice-Pr\u00e9sidente<\/span>\n\t\t\t\t\t\t\t\t\t\t<\/div>\n\t\t\t\t\t\t\t<\/div>\n\t\t\t\t\t\t<\/div>\n\t\t\t\t\t\t\t\t\n\t\t\t\t\t\t<div class=\"col-lg-4 col-sm-6\">\n\t\t\t\t\t\t\t<div class=\"team-box position-relative\">\n\t\t\t\t\t\t\t\t\t\t<img decoding=\"async\" src=\"https:\/\/wpdemo3.onistaweb.com\/wp-content\/uploads\/2023\/03\/about-team-03.jpg\" alt=\"Image\">\n\t\t\t\t\t\t\t\t\t\t<div class=\"content-box\">\n\t\t\t\t\t\t\t\t\t\t\t<ul>\n\t\t\t\t\t\t\t\t\t\t\t\t\t\t\t\t\t\t\t\t\t\t\t\n\t\t\t\t\t\t\t\t\t\t\t<\/ul>\n\t\t\t\t\t\t\t\t\t\t\t<h6>MARIE P. BUGINGO<\/h6>\n\t\t\t\t\t\t\t\t\t\t\t<span>Tr\u00e9sori\u00e8re<\/span>\n\t\t\t\t\t\t\t\t\t\t<\/div>\n\t\t\t\t\t\t\t<\/div>\n\t\t\t\t\t\t<\/div>\n\t\t\t\t\t\t\t\t\n\t\t\t\t\t\t\t\t\t\t\t\n\t\t\t<\/div>\n\t\t<\/div>\n\t<\/div><!-- Team \/- -->\n\t<!-- HTML CODE WILL GOES HERE - END -->\n\t[\/vc_column][\/vc_row][vc_row][vc_column]\t<!-- HTML CODE WILL GOES HERE - START -->\n\t<div class=\"container-fluid p-0\">\n\t\t<div class=\"row g-0\">\n\t\t\t<div class=\"col-lg-6\">\n\t\t\t\t<div class=\"theme-whychoose h-100\">\n\t\t\t\t\t<div class=\"section-header pb_60\">\n\t\t\t\t\t\t<h3>Are you a Francophone or Francophile newcomer to Alberta?<\/h3>\n\t\t\t\t\t<\/div>\n\t\t\t\t\t<div class=\"details-box\">\n\t\t\t\t\t\t\t\t\t\t\t\t\t\t\t\t\t\t\t<div class=\"content-box position-relative\">\n\t\t\t\t\t\t\t\t<i class=\"icofont-check\"><\/i>\n\t\t\t\t\t\t\t\t<h6>Let us analyze your needs:<\/h6>\n\t\t\t\t\t\t\t\t<p>Settlement in the City of Edmonton<\/p>\n\t\t\t\t\t\t\t<\/div>\t\t\t\t\t\t\t\n\t\t\t\t\t\t\t\t\t\t\t\t\t\t<div class=\"content-box position-relative\">\n\t\t\t\t\t\t\t\t<i class=\"icofont-check\"><\/i>\n\t\t\t\t\t\t\t\t<h6>To guide you through the process:<\/h6>\n\t\t\t\t\t\t\t\t<p>Various resources at your disposal<\/p>\n\t\t\t\t\t\t\t<\/div>\t\t\t\t\t\t\t\n\t\t\t\t\t\t\t\t\t\t\t\t\t\t<div class=\"content-box position-relative\">\n\t\t\t\t\t\t\t\t<i class=\"icofont-check\"><\/i>\n\t\t\t\t\t\t\t\t<h6>Facilitate your integration:<\/h6>\n\t\t\t\t\t\t\t\t<p>Workshops tailored to your needs<\/p>\n\t\t\t\t\t\t\t<\/div>\t\t\t\t\t\t\t\n\t\t\t\t\t\t\t\t\t\t\n\t\t\t\t\t\t\n\t\t\t\t\t\t<a href=\"https:\/\/frap.cococreative.ca\/services\/\" class=\"btn-default mt_35\">Discover our services<\/a>\n\t\t\t\t\t<\/div>\n\t\t\t\t<\/div>\n\t\t\t<\/div>\n\t\t\t<div class=\"col-lg-6\">\n\t\t\t\t<div class=\"theme-appointment\">\n\t\t\t\t\t<div class=\"title-block\">\n\t\t\t\t\t\t<h3><span>Prendre<\/span><br> rendez-vous<\/h3>\n\t\t\t\t\t<\/div>\n\t\t\t\t\t<form>\n\t\t\t\t\t\t<div class=\"form-group\">\n\t\t\t\t\t\t\t<input type=\"text\" class=\"form-control\" placeholder=\"Votre nom*\">\n\t\t\t\t\t\t<\/div>\n\t\t\t\t\t\t<div class=\"form-group\">\n\t\t\t\t\t\t\t<input type=\"text\" class=\"form-control\" placeholder=\"Votre adresse e-mail*\">\n\t\t\t\t\t\t<\/div>\n\t\t\t\t\t\t<div class=\"form-group\">\n\t\t\t\t\t\t\t<input type=\"text\" class=\"form-control\" placeholder=\"Num\u00e9ro de portable\">\n\t\t\t\t\t\t<\/div>\n\t\t\t\t\t\t<div class=\"form-group\">\n\t\t\t\t\t\t\t<textarea rows=\"3\" class=\"form-control\" placeholder=\"Comment pouvons-nous vous aider?\"><\/textarea>\n\t\t\t\t\t\t<\/div>\n\t\t\t\t\t\t<div class=\"form-group\">\n\t\t\t\t\t\t\t<input type=\"submit\" value=\"Envoyer le message\" class=\"btn-default btn-white mt_25\">\n\t\t\t\t\t\t<\/div>\n\t\t\t\t\t<\/form>\n\t\t\t\t<\/div>\n\t\t\t<\/div>\n\t\t<\/div>\n\t<\/div>\n\t<!-- HTML CODE WILL GOES HERE - END -->\n\t[\/vc_column][\/vc_row]<\/p>\n<\/section>","protected":false},"excerpt":{"rendered":"<p>[vc_row][vc_column][vc_empty_space height=&#8221;92px&#8221;][\/vc_column][\/vc_row][vc_row disable_element=&#8221;yes&#8221;][vc_column][\/vc_column][\/vc_row][vc_row][vc_column width=&#8221;1\/6&#8243;][\/vc_column][vc_column width=&#8221;1\/2&#8243;][vc_column_text] \u00a0\u00a0\u00a0 OUR MANDATE [\/vc_column_text][vc_column_text]A renewed Francophone community, characterized by inclusiveness, interculturality, openness to others, respect for diversity and the promotion of human dignity. Promote the social, economic and cultural diversity and inclusion of Francophones and Francophiles while providing services in French for the reception, settlement and re-settlement of Francophone and [&hellip;]<\/p>\n","protected":false},"author":1,"featured_media":0,"parent":0,"menu_order":0,"comment_status":"closed","ping_status":"closed","template":"","meta":{"footnotes":""},"class_list":["post-930","page","type-page","status-publish","hentry"],"_links":{"self":[{"href":"https:\/\/wpdemo3.onistaweb.com\/en\/wp-json\/wp\/v2\/pages\/930","targetHints":{"allow":["GET"]}}],"collection":[{"href":"https:\/\/wpdemo3.onistaweb.com\/en\/wp-json\/wp\/v2\/pages"}],"about":[{"href":"https:\/\/wpdemo3.onistaweb.com\/en\/wp-json\/wp\/v2\/types\/page"}],"author":[{"embeddable":true,"href":"https:\/\/wpdemo3.onistaweb.com\/en\/wp-json\/wp\/v2\/users\/1"}],"replies":[{"embeddable":true,"href":"https:\/\/wpdemo3.onistaweb.com\/en\/wp-json\/wp\/v2\/comments?post=930"}],"version-history":[{"count":7,"href":"https:\/\/wpdemo3.onistaweb.com\/en\/wp-json\/wp\/v2\/pages\/930\/revisions"}],"predecessor-version":[{"id":941,"href":"https:\/\/wpdemo3.onistaweb.com\/en\/wp-json\/wp\/v2\/pages\/930\/revisions\/941"}],"wp:attachment":[{"href":"https:\/\/wpdemo3.onistaweb.com\/en\/wp-json\/wp\/v2\/media?parent=930"}],"curies":[{"name":"wp","href":"https:\/\/api.w.org\/{rel}","templated":true}]}}